{"id":12,"date":"2018-03-17T14:38:53","date_gmt":"2018-03-17T14:38:53","guid":{"rendered":"http:\/\/agrarflug-kyritz.de\/?page_id=12"},"modified":"2019-02-09T21:08:49","modified_gmt":"2019-02-09T21:08:49","slug":"museum","status":"publish","type":"page","link":"https:\/\/agrarflug-kyritz.de\/?page_id=12","title":{"rendered":"Museum"},"content":{"rendered":"<p><strong><em>Unsere Ausstellungen auf dem Flugplatz Kyritz<\/em><\/strong><\/p>\n<p>Die Gesellschaft zur Bewahrung von St\u00e4tten deutscher Luftfahrtgeschichte (GBSL) hat erkannt und best\u00e4tigt, dass der Verkehrslandeplatz Kyritz-Heinrichsfelde genau der richtige Standort f\u00fcr Ausstellungen zum Thema Agrarflug in der DDR und Europa ist. Die vorhandenen M\u00f6glichkeiten sind nirgendwo in Deutschland besser als hier: Historie, \u00f6rtliche Gegebenheiten und vorhandenes Archivmaterial.<\/p>\n<p>Das Museum befindet sich in den ehemaligen Werkst\u00e4tten des 1958 f\u00fcr den Agrarflugeinsatz gebauten Hangars auf dem Flugplatz in Kyritz.<\/p>\n<p>In dieser Ausstellung wird ein Bogen gespannt von den Anf\u00e4ngen der Fliegerei allgemein, dem Urvater der Sch\u00e4dlingsbek\u00e4mpfung aus der Luft Alfred Zimmermann, 29. M\u00e4rz 1911 Eintragung in die Patentrolle des ehemaligen Reichspatentamtes (Kaiserliches Patent), bis hin zum Agrarflug im Speziellen und die Entwicklung des Flugplatzes Kyritz OT Heinrichsfelde mit bedeutenden Personen.<\/p>\n<p><strong><em><img decoding=\"async\" loading=\"lazy\" class=\"alignnone wp-image-254 size-large\" src=\"http:\/\/agrarflug-kyritz.de\/wp-content\/uploads\/2019\/02\/z_37-1024x682.jpg\" alt=\"\" width=\"1024\" height=\"682\" srcset=\"https:\/\/agrarflug-kyritz.de\/wp-content\/uploads\/2019\/02\/z_37-1024x682.jpg 1024w, https:\/\/agrarflug-kyritz.de\/wp-content\/uploads\/2019\/02\/z_37-300x200.jpg 300w, https:\/\/agrarflug-kyritz.de\/wp-content\/uploads\/2019\/02\/z_37-768x512.jpg 768w, https:\/\/agrarflug-kyritz.de\/wp-content\/uploads\/2019\/02\/z_37.jpg 1556w\" sizes=\"(max-width: 1024px) 100vw, 1024px\" \/><\/em><\/strong><strong><em>\u00a0<\/em><\/strong><\/p>\n<p><strong><em>Darstellung Agrarflugplatz<\/em><\/strong><\/p>\n<p>Eine Ausstellungsfl\u00e4che zeigt als lebendiges Zeugnis die Arbeitsabl\u00e4ufe auf einem Arbeitsflugplatz. Hier ist die unterschiedliche Belade- und Flugtechnik zu sehen, die mit viel Liebe zum Detail aufgearbeitet und in ihren Originalzustand versetzt wurde.<\/p>\n<ul>\n<li>Agrarflugzeug Z 37<\/li>\n<li>Traktor ZT 303<\/li>\n<li>Anh\u00e4nger THK 5<\/li>\n<li>Tankwagen<\/li>\n<li>Kran T172 \/ T174<\/li>\n<li>Beladegestell mit Beladesack<\/li>\n<li>Aufenthaltswagen<\/li>\n<li>Trabant 601 (Flugsicherungsfahrzeug)<\/li>\n<li>B 1000 (Servicefahrzeug)<\/li>\n<\/ul>\n","protected":false},"excerpt":{"rendered":"<p>Unsere Ausstellungen auf dem Flugplatz Kyritz Die Gesellschaft zur Bewahrung von St\u00e4tten deutscher Luftfahrtgeschichte (GBSL) hat erkannt und best\u00e4tigt, dass der Verkehrslandeplatz Kyritz-Heinrichsfelde genau der richtige Standort f\u00fcr Ausstellungen zum Thema Agrarflug in der DDR und Europa ist. Die vorhandenen M\u00f6glichkeiten sind nirgendwo in Deutschland besser als hier: Historie, \u00f6rtliche Gegebenheiten und vorhandenes Archivmaterial. Das&hellip;<\/p>\n","protected":false},"author":1,"featured_media":291,"parent":0,"menu_order":3,"comment_status":"closed","ping_status":"closed","template":"","meta":[],"_links":{"self":[{"href":"https:\/\/agrarflug-kyritz.de\/index.php?rest_route=\/wp\/v2\/pages\/12"}],"collection":[{"href":"https:\/\/agrarflug-kyritz.de\/index.php?rest_route=\/wp\/v2\/pages"}],"about":[{"href":"https:\/\/agrarflug-kyritz.de\/index.php?rest_route=\/wp\/v2\/types\/page"}],"author":[{"embeddable":true,"href":"https:\/\/agrarflug-kyritz.de\/index.php?rest_route=\/wp\/v2\/users\/1"}],"replies":[{"embeddable":true,"href":"https:\/\/agrarflug-kyritz.de\/index.php?rest_route=%2Fwp%2Fv2%2Fcomments&post=12"}],"version-history":[{"count":4,"href":"https:\/\/agrarflug-kyritz.de\/index.php?rest_route=\/wp\/v2\/pages\/12\/revisions"}],"predecessor-version":[{"id":292,"href":"https:\/\/agrarflug-kyritz.de\/index.php?rest_route=\/wp\/v2\/pages\/12\/revisions\/292"}],"wp:featuredmedia":[{"embeddable":true,"href":"https:\/\/agrarflug-kyritz.de\/index.php?rest_route=\/wp\/v2\/media\/291"}],"wp:attachment":[{"href":"https:\/\/agrarflug-kyritz.de\/index.php?rest_route=%2Fwp%2Fv2%2Fmedia&parent=12"}],"curies":[{"name":"wp","href":"https:\/\/api.w.org\/{rel}","templated":true}]}}