{"id":18,"date":"2018-03-17T14:40:02","date_gmt":"2018-03-17T14:40:02","guid":{"rendered":"http:\/\/agrarflug-kyritz.de\/?page_id=18"},"modified":"2019-04-29T19:17:18","modified_gmt":"2019-04-29T19:17:18","slug":"partner","status":"publish","type":"page","link":"https:\/\/agrarflug-kyritz.de\/?page_id=18","title":{"rendered":"Partner"},"content":{"rendered":"<p><strong>Kyritz an der Knatter \u2013 Altstadt erleben und Seeluft schnuppern<\/strong><\/p>\n<p>Viele liebevoll restaurierte Fachwerkh\u00e4user, das unvergleichliche Geb\u00e4udeensemble des Marktplatzes, die imposante Doppelturmfront der St. Marienkirche sowie die G\u00e4rten am fr\u00fcheren Franziskanerklosters geben der Stadt einen ganz besonderen Charme. Entdecken Sie die historische Altstadt und erholen Sie sich am Untersee mit Strandbad, Bootsverleih und Inselgastst\u00e4tte!<\/p>\n<div id=\"attachment_414\" style=\"width: 1034px\" class=\"wp-caption alignnone\"><img aria-describedby=\"caption-attachment-414\" decoding=\"async\" loading=\"lazy\" class=\"size-large wp-image-414\" src=\"https:\/\/agrarflug-kyritz.de\/wp-content\/uploads\/2019\/04\/JH-dig-07-08-07-060-1024x683.jpg\" alt=\"\" width=\"1024\" height=\"683\" srcset=\"https:\/\/agrarflug-kyritz.de\/wp-content\/uploads\/2019\/04\/JH-dig-07-08-07-060-1024x683.jpg 1024w, https:\/\/agrarflug-kyritz.de\/wp-content\/uploads\/2019\/04\/JH-dig-07-08-07-060-300x200.jpg 300w, https:\/\/agrarflug-kyritz.de\/wp-content\/uploads\/2019\/04\/JH-dig-07-08-07-060-768x512.jpg 768w\" sizes=\"(max-width: 1024px) 100vw, 1024px\" \/><p id=\"caption-attachment-414\" class=\"wp-caption-text\">kyritz, historischer stadtkern, marktplatz, brunnen, land brandenburg, luftbild<\/p><\/div>\n<div id=\"attachment_413\" style=\"width: 1034px\" class=\"wp-caption alignnone\"><img aria-describedby=\"caption-attachment-413\" decoding=\"async\" loading=\"lazy\" class=\"wp-image-413 size-large\" src=\"https:\/\/agrarflug-kyritz.de\/wp-content\/uploads\/2019\/04\/20170518_Kyritz_extra_01-1024x682.jpg\" alt=\"\" width=\"1024\" height=\"682\" srcset=\"https:\/\/agrarflug-kyritz.de\/wp-content\/uploads\/2019\/04\/20170518_Kyritz_extra_01-1024x682.jpg 1024w, https:\/\/agrarflug-kyritz.de\/wp-content\/uploads\/2019\/04\/20170518_Kyritz_extra_01-300x200.jpg 300w, https:\/\/agrarflug-kyritz.de\/wp-content\/uploads\/2019\/04\/20170518_Kyritz_extra_01-768x512.jpg 768w, https:\/\/agrarflug-kyritz.de\/wp-content\/uploads\/2019\/04\/20170518_Kyritz_extra_01.jpg 2048w\" sizes=\"(max-width: 1024px) 100vw, 1024px\" \/><p id=\"caption-attachment-413\" class=\"wp-caption-text\">Copyright: Regionalentwicklungsgesellschaft Nordwestbrandenburg<\/p><\/div>\n<p>&nbsp;<\/p>\n","protected":false},"excerpt":{"rendered":"<p>Kyritz an der Knatter \u2013 Altstadt erleben und Seeluft schnuppern Viele liebevoll restaurierte Fachwerkh\u00e4user, das unvergleichliche Geb\u00e4udeensemble des Marktplatzes, die imposante Doppelturmfront der St. Marienkirche sowie die G\u00e4rten am fr\u00fcheren Franziskanerklosters geben der Stadt einen ganz besonderen Charme. Entdecken Sie die historische Altstadt und erholen Sie sich am Untersee mit Strandbad, Bootsverleih und Inselgastst\u00e4tte! &nbsp;<\/p>\n","protected":false},"author":1,"featured_media":0,"parent":0,"menu_order":6,"comment_status":"closed","ping_status":"closed","template":"","meta":[],"_links":{"self":[{"href":"https:\/\/agrarflug-kyritz.de\/index.php?rest_route=\/wp\/v2\/pages\/18"}],"collection":[{"href":"https:\/\/agrarflug-kyritz.de\/index.php?rest_route=\/wp\/v2\/pages"}],"about":[{"href":"https:\/\/agrarflug-kyritz.de\/index.php?rest_route=\/wp\/v2\/types\/page"}],"author":[{"embeddable":true,"href":"https:\/\/agrarflug-kyritz.de\/index.php?rest_route=\/wp\/v2\/users\/1"}],"replies":[{"embeddable":true,"href":"https:\/\/agrarflug-kyritz.de\/index.php?rest_route=%2Fwp%2Fv2%2Fcomments&post=18"}],"version-history":[{"count":5,"href":"https:\/\/agrarflug-kyritz.de\/index.php?rest_route=\/wp\/v2\/pages\/18\/revisions"}],"predecessor-version":[{"id":417,"href":"https:\/\/agrarflug-kyritz.de\/index.php?rest_route=\/wp\/v2\/pages\/18\/revisions\/417"}],"wp:attachment":[{"href":"https:\/\/agrarflug-kyritz.de\/index.php?rest_route=%2Fwp%2Fv2%2Fmedia&parent=18"}],"curies":[{"name":"wp","href":"https:\/\/api.w.org\/{rel}","templated":true}]}}