{"id":71,"date":"2018-03-17T15:55:35","date_gmt":"2018-03-17T15:55:35","guid":{"rendered":"http:\/\/agrarflug-kyritz.de\/?page_id=71"},"modified":"2019-03-03T18:03:25","modified_gmt":"2019-03-03T18:03:25","slug":"damalige-standorte","status":"publish","type":"page","link":"https:\/\/agrarflug-kyritz.de\/?page_id=71","title":{"rendered":"Standorte"},"content":{"rendered":"<p>Der Agrarflug in der ehemaligen DDR war in mehrere Standorte aufgeteilt. Im Folgenden eine grobe \u00dcbersicht der verzeichneten Standorte. Wir erg\u00e4nzen in K\u00fcrze den Bereich hier mit weiteren Inhalten.<\/p>\n<p><img decoding=\"async\" loading=\"lazy\" class=\"size-full wp-image-374 aligncenter\" src=\"https:\/\/agrarflug-kyritz.de\/wp-content\/uploads\/2019\/03\/Agrarflugstu\u0308tzpunkte-der-DDR.gif\" alt=\"\" width=\"343\" height=\"500\" \/><\/p>\n<p>&nbsp;<\/p>\n","protected":false},"excerpt":{"rendered":"<p>Der Agrarflug in der ehemaligen DDR war in mehrere Standorte aufgeteilt. Im Folgenden eine grobe \u00dcbersicht der verzeichneten Standorte. Wir erg\u00e4nzen in K\u00fcrze den Bereich hier mit weiteren Inhalten. &nbsp;<\/p>\n","protected":false},"author":1,"featured_media":0,"parent":16,"menu_order":1,"comment_status":"closed","ping_status":"closed","template":"","meta":[],"_links":{"self":[{"href":"https:\/\/agrarflug-kyritz.de\/index.php?rest_route=\/wp\/v2\/pages\/71"}],"collection":[{"href":"https:\/\/agrarflug-kyritz.de\/index.php?rest_route=\/wp\/v2\/pages"}],"about":[{"href":"https:\/\/agrarflug-kyritz.de\/index.php?rest_route=\/wp\/v2\/types\/page"}],"author":[{"embeddable":true,"href":"https:\/\/agrarflug-kyritz.de\/index.php?rest_route=\/wp\/v2\/users\/1"}],"replies":[{"embeddable":true,"href":"https:\/\/agrarflug-kyritz.de\/index.php?rest_route=%2Fwp%2Fv2%2Fcomments&post=71"}],"version-history":[{"count":5,"href":"https:\/\/agrarflug-kyritz.de\/index.php?rest_route=\/wp\/v2\/pages\/71\/revisions"}],"predecessor-version":[{"id":376,"href":"https:\/\/agrarflug-kyritz.de\/index.php?rest_route=\/wp\/v2\/pages\/71\/revisions\/376"}],"up":[{"embeddable":true,"href":"https:\/\/agrarflug-kyritz.de\/index.php?rest_route=\/wp\/v2\/pages\/16"}],"wp:attachment":[{"href":"https:\/\/agrarflug-kyritz.de\/index.php?rest_route=%2Fwp%2Fv2%2Fmedia&parent=71"}],"curies":[{"name":"wp","href":"https:\/\/api.w.org\/{rel}","templated":true}]}}